{"id":21769,"date":"2022-01-05T17:28:26","date_gmt":"2022-01-05T17:28:26","guid":{"rendered":"https:\/\/tftranslation.com\/?page_id=21769"},"modified":"2025-09-09T08:38:33","modified_gmt":"2025-09-09T08:38:33","slug":"services-tft","status":"publish","type":"page","link":"https:\/\/tftranslation.com\/en\/services-tft\/","title":{"rendered":"Services"},"content":{"rendered":"\t\t<div data-elementor-type=\"wp-page\" data-elementor-id=\"21769\" class=\"elementor elementor-21769 elementor-18547\">\n\t\t\t\t\t\t\t\t\t<section class=\"elementor-section elementor-top-section elementor-element elementor-element-e06ae50 elementor-section-full_width elementor-section-height-default elementor-section-height-default sc_fly_static\" data-id=\"e06ae50\" data-element_type=\"section\" data-settings=\"{&quot;background_background&quot;:&quot;classic&quot;,&quot;shape_divider_bottom&quot;:&quot;opacity-tilt&quot;}\">\n\t\t\t\t\t<div class=\"elementor-shape elementor-shape-bottom\" data-negative=\"false\">\n\t\t\t<svg xmlns=\"http:\/\/www.w3.org\/2000\/svg\" viewBox=\"0 0 2600 131.1\" preserveAspectRatio=\"none\">\n\t<path class=\"elementor-shape-fill\" d=\"M0 0L2600 0 2600 69.1 0 0z\"\/>\n\t<path class=\"elementor-shape-fill\" style=\"opacity:0.5\" d=\"M0 0L2600 0 2600 69.1 0 69.1z\"\/>\n\t<path class=\"elementor-shape-fill\" style=\"opacity:0.25\" d=\"M2600 0L0 0 0 130.1 2600 69.1z\"\/>\n<\/svg>\t\t<\/div>\n\t\t\t\t\t<div class=\"elementor-container elementor-column-gap-extended\">\n\t\t\t\t\t<div class=\"elementor-column elementor-col-100 elementor-top-column elementor-element elementor-element-b1c7d6f sc_inner_width_none sc_content_align_inherit sc_layouts_column_icons_position_left sc_fly_static\" data-id=\"b1c7d6f\" data-element_type=\"column\">\n\t\t\t<div class=\"elementor-widget-wrap elementor-element-populated\">\n\t\t\t\t\t\t\t\t<div class=\"elementor-element elementor-element-9d65099 sc_fly_static elementor-widget elementor-widget-spacer\" data-id=\"9d65099\" data-element_type=\"widget\" data-widget_type=\"spacer.default\">\n\t\t\t\t<div class=\"elementor-widget-container\">\n\t\t\t\t\t<div class=\"elementor-spacer\">\n\t\t\t<div class=\"elementor-spacer-inner\"><\/div>\n\t\t<\/div>\n\t\t\t\t<\/div>\n\t\t\t\t<\/div>\n\t\t\t\t\t<\/div>\n\t\t<\/div>\n\t\t\t\t\t\t\t<\/div>\n\t\t<\/section>\n\t\t\t\t<section class=\"elementor-section elementor-top-section elementor-element elementor-element-2469514 elementor-section-boxed elementor-section-height-default elementor-section-height-default sc_fly_static\" data-id=\"2469514\" data-element_type=\"section\">\n\t\t\t\t\t\t<div class=\"elementor-container elementor-column-gap-extended\">\n\t\t\t\t\t<div class=\"elementor-column elementor-col-100 elementor-top-column elementor-element elementor-element-178e14d sc_inner_width_none sc_content_align_inherit sc_layouts_column_icons_position_left sc_fly_static\" data-id=\"178e14d\" data-element_type=\"column\">\n\t\t\t<div class=\"elementor-widget-wrap elementor-element-populated\">\n\t\t\t\t\t\t\t\t<div class=\"elementor-element elementor-element-ae708b2 sc_fly_static elementor-widget elementor-widget-spacer\" data-id=\"ae708b2\" data-element_type=\"widget\" data-widget_type=\"spacer.default\">\n\t\t\t\t<div class=\"elementor-widget-container\">\n\t\t\t\t\t<div class=\"elementor-spacer\">\n\t\t\t<div class=\"elementor-spacer-inner\"><\/div>\n\t\t<\/div>\n\t\t\t\t<\/div>\n\t\t\t\t<\/div>\n\t\t\t\t\t<\/div>\n\t\t<\/div>\n\t\t\t\t\t\t\t<\/div>\n\t\t<\/section>\n\t\t\t\t<section class=\"elementor-section elementor-top-section elementor-element elementor-element-0ae6e55 elementor-section-boxed elementor-section-height-default elementor-section-height-default sc_fly_static\" data-id=\"0ae6e55\" data-element_type=\"section\">\n\t\t\t\t\t\t<div class=\"elementor-container elementor-column-gap-extended\">\n\t\t\t\t\t<div class=\"elementor-column elementor-col-100 elementor-top-column elementor-element elementor-element-018f4ea sc_inner_width_none sc_content_align_inherit sc_layouts_column_icons_position_left sc_fly_static\" data-id=\"018f4ea\" data-element_type=\"column\">\n\t\t\t<div class=\"elementor-widget-wrap elementor-element-populated\">\n\t\t\t\t\t\t\t\t<div class=\"elementor-element elementor-element-107b0c3 sc_fly_static elementor-widget elementor-widget-heading\" data-id=\"107b0c3\" data-element_type=\"widget\" data-widget_type=\"heading.default\">\n\t\t\t\t<div class=\"elementor-widget-container\">\n\t\t\t<h2 class=\"elementor-heading-title elementor-size-default\">Services<\/h2>\t\t<\/div>\n\t\t\t\t<\/div>\n\t\t\t\t<div class=\"elementor-element elementor-element-022f361 elementor-widget-divider--view-line sc_fly_static elementor-widget elementor-widget-divider\" data-id=\"022f361\" data-element_type=\"widget\" data-widget_type=\"divider.default\">\n\t\t\t\t<div class=\"elementor-widget-container\">\n\t\t\t\t\t<div class=\"elementor-divider\">\n\t\t\t<span class=\"elementor-divider-separator\">\n\t\t\t\t\t\t<\/span>\n\t\t<\/div>\n\t\t\t\t<\/div>\n\t\t\t\t<\/div>\n\t\t\t\t<div class=\"elementor-element elementor-element-9eb03d2 sc_fly_static elementor-widget elementor-widget-spacer\" data-id=\"9eb03d2\" data-element_type=\"widget\" data-widget_type=\"spacer.default\">\n\t\t\t\t<div class=\"elementor-widget-container\">\n\t\t\t\t\t<div class=\"elementor-spacer\">\n\t\t\t<div class=\"elementor-spacer-inner\"><\/div>\n\t\t<\/div>\n\t\t\t\t<\/div>\n\t\t\t\t<\/div>\n\t\t\t\t\t<\/div>\n\t\t<\/div>\n\t\t\t\t\t\t\t<\/div>\n\t\t<\/section>\n\t\t\t\t<section class=\"elementor-section elementor-top-section elementor-element elementor-element-30d8111 elementor-section-boxed elementor-section-height-default elementor-section-height-default sc_fly_static\" data-id=\"30d8111\" data-element_type=\"section\">\n\t\t\t\t\t\t<div class=\"elementor-container elementor-column-gap-extended\">\n\t\t\t\t\t<div class=\"elementor-column elementor-col-33 elementor-top-column elementor-element elementor-element-219fda0 sc_inner_width_none sc_content_align_inherit sc_layouts_column_icons_position_left sc_fly_static\" data-id=\"219fda0\" data-element_type=\"column\">\n\t\t\t<div class=\"elementor-widget-wrap elementor-element-populated\">\n\t\t\t\t\t\t\t\t<div class=\"elementor-element elementor-element-7df2caf sc_fly_static elementor-widget elementor-widget-trx_sc_icons\" data-id=\"7df2caf\" data-element_type=\"widget\" data-widget_type=\"trx_sc_icons.default\">\n\t\t\t\t<div class=\"elementor-widget-container\">\n\t\t\t<div \tclass=\"sc_icons color_style_link2 sc_icons_alter sc_icons_size_small sc_align_none\" ><div class=\"sc_icons_item sc_icons_item_linked with_more\"><div class=\"sc_icons_icon sc_icon_type_ icon-targeting\" ><span class=\"sc_icon_type_ icon-targeting\"><\/span><\/div><div class=\"sc_icons_item_details\"><h4 class=\"sc_icons_item_title\" style=\"color:var(--e-global-color-primary);\"><a href=\"https:\/\/tftranslation.com\/en\/services-tft\/transcreation\/\">\n                                    Transcreation                                    <\/a><\/h4><a href=\"https:\/\/tftranslation.com\/en\/services-tft\/transcreation\/\" class=\"sc_icons_item_more_link\">\n                        <span class=\"link_text\">More info<\/span><span class=\"link_icon\"><\/span>\n                        <\/a><a href=\"https:\/\/tftranslation.com\/en\/services-tft\/transcreation\/\"\n                        class=\"sc_icons_item_link\">\n                        <\/a><\/div><\/div><\/div><!-- \/.sc_icons -->\t\t<\/div>\n\t\t\t\t<\/div>\n\t\t\t\t\t<\/div>\n\t\t<\/div>\n\t\t\t\t<div class=\"elementor-column elementor-col-33 elementor-top-column elementor-element elementor-element-6cd7746 sc_inner_width_none sc_content_align_inherit sc_layouts_column_icons_position_left sc_fly_static\" data-id=\"6cd7746\" data-element_type=\"column\">\n\t\t\t<div class=\"elementor-widget-wrap elementor-element-populated\">\n\t\t\t\t\t\t\t\t<div class=\"elementor-element elementor-element-a38f097 sc_fly_static elementor-widget elementor-widget-trx_sc_icons\" data-id=\"a38f097\" data-element_type=\"widget\" data-widget_type=\"trx_sc_icons.default\">\n\t\t\t\t<div class=\"elementor-widget-container\">\n\t\t\t<div \tclass=\"sc_icons color_style_link2 sc_icons_alter sc_icons_size_small sc_align_none\" ><div class=\"sc_icons_item sc_icons_item_linked with_more\"><div class=\"sc_icons_icon sc_icon_type_ icon-doc-text\" ><span class=\"sc_icon_type_ icon-doc-text\"><\/span><\/div><div class=\"sc_icons_item_details\"><h4 class=\"sc_icons_item_title\" style=\"color:var(--e-global-color-primary);\"><a href=\"https:\/\/tftranslation.com\/en\/services-tft\/legal-translation\/\">\n                                     Legal  Translation\t                                    <\/a><\/h4><a href=\"https:\/\/tftranslation.com\/en\/services-tft\/legal-translation\/\" class=\"sc_icons_item_more_link\">\n                        <span class=\"link_text\">More info<\/span><span class=\"link_icon\"><\/span>\n                        <\/a><a href=\"https:\/\/tftranslation.com\/en\/services-tft\/legal-translation\/\"\n                        class=\"sc_icons_item_link\">\n                        <\/a><\/div><\/div><\/div><!-- \/.sc_icons -->\t\t<\/div>\n\t\t\t\t<\/div>\n\t\t\t\t\t<\/div>\n\t\t<\/div>\n\t\t\t\t<div class=\"elementor-column elementor-col-33 elementor-top-column elementor-element elementor-element-f4b1b83 sc_inner_width_none sc_content_align_inherit sc_layouts_column_icons_position_left sc_fly_static\" data-id=\"f4b1b83\" data-element_type=\"column\">\n\t\t\t<div class=\"elementor-widget-wrap elementor-element-populated\">\n\t\t\t\t\t\t\t\t<div class=\"elementor-element elementor-element-924ed40 sc_fly_static elementor-widget elementor-widget-trx_sc_icons\" data-id=\"924ed40\" data-element_type=\"widget\" data-widget_type=\"trx_sc_icons.default\">\n\t\t\t\t<div class=\"elementor-widget-container\">\n\t\t\t<div \tclass=\"sc_icons color_style_link2 sc_icons_alter sc_icons_size_small sc_align_none\" ><div class=\"sc_icons_item sc_icons_item_linked with_more\"><div class=\"sc_icons_icon sc_icon_type_ icon-contract\" ><span class=\"sc_icon_type_ icon-contract\"><\/span><\/div><div class=\"sc_icons_item_details\"><h4 class=\"sc_icons_item_title\" style=\"color:var(--e-global-color-primary);\"><a href=\"https:\/\/tftranslation.com\/en\/services-tft\/sworn-translation\/\">\n                                    Sworn Translation                                    <\/a><\/h4><a href=\"https:\/\/tftranslation.com\/en\/services-tft\/sworn-translation\/\" class=\"sc_icons_item_more_link\">\n                        <span class=\"link_text\">More info<\/span><span class=\"link_icon\"><\/span>\n                        <\/a><a href=\"https:\/\/tftranslation.com\/en\/services-tft\/sworn-translation\/\"\n                        class=\"sc_icons_item_link\">\n                        <\/a><\/div><\/div><\/div><!-- \/.sc_icons -->\t\t<\/div>\n\t\t\t\t<\/div>\n\t\t\t\t\t<\/div>\n\t\t<\/div>\n\t\t\t\t\t\t\t<\/div>\n\t\t<\/section>\n\t\t\t\t<section class=\"elementor-section elementor-top-section elementor-element elementor-element-21dfac8 elementor-section-boxed elementor-section-height-default elementor-section-height-default sc_fly_static\" data-id=\"21dfac8\" data-element_type=\"section\">\n\t\t\t\t\t\t<div class=\"elementor-container elementor-column-gap-extended\">\n\t\t\t\t\t<div class=\"elementor-column elementor-col-33 elementor-top-column elementor-element elementor-element-ad9fb75 sc_inner_width_none sc_content_align_inherit sc_layouts_column_icons_position_left sc_fly_static\" data-id=\"ad9fb75\" data-element_type=\"column\">\n\t\t\t<div class=\"elementor-widget-wrap elementor-element-populated\">\n\t\t\t\t\t\t\t\t<div class=\"elementor-element elementor-element-9c583a2 sc_fly_static elementor-widget elementor-widget-trx_sc_icons\" data-id=\"9c583a2\" data-element_type=\"widget\" data-widget_type=\"trx_sc_icons.default\">\n\t\t\t\t<div class=\"elementor-widget-container\">\n\t\t\t<div \tclass=\"sc_icons color_style_link2 sc_icons_alter sc_icons_size_small sc_align_none\" ><div class=\"sc_icons_item sc_icons_item_linked with_more\"><div class=\"sc_icons_icon sc_icon_type_ icon-tag-light\" ><span class=\"sc_icon_type_ icon-tag-light\"><\/span><\/div><div class=\"sc_icons_item_details\"><h4 class=\"sc_icons_item_title\" style=\"color:var(--e-global-color-primary);\"><a href=\"https:\/\/tftranslation.com\/en\/services-tft\/pattern-translation\/\">\n                                    Pattern  Translation                                    <\/a><\/h4><a href=\"https:\/\/tftranslation.com\/en\/services-tft\/pattern-translation\/\" class=\"sc_icons_item_more_link\">\n                        <span class=\"link_text\">More info<\/span><span class=\"link_icon\"><\/span>\n                        <\/a><a href=\"https:\/\/tftranslation.com\/en\/services-tft\/pattern-translation\/\"\n                        class=\"sc_icons_item_link\">\n                        <\/a><\/div><\/div><\/div><!-- \/.sc_icons -->\t\t<\/div>\n\t\t\t\t<\/div>\n\t\t\t\t\t<\/div>\n\t\t<\/div>\n\t\t\t\t<div class=\"elementor-column elementor-col-33 elementor-top-column elementor-element elementor-element-77a2b28 sc_inner_width_none sc_content_align_inherit sc_layouts_column_icons_position_left sc_fly_static\" data-id=\"77a2b28\" data-element_type=\"column\">\n\t\t\t<div class=\"elementor-widget-wrap\">\n\t\t\t\t\t\t\t\t\t<\/div>\n\t\t<\/div>\n\t\t\t\t<div class=\"elementor-column elementor-col-33 elementor-top-column elementor-element elementor-element-6bc7a92 sc_inner_width_none sc_content_align_inherit sc_layouts_column_icons_position_left sc_fly_static\" data-id=\"6bc7a92\" data-element_type=\"column\">\n\t\t\t<div class=\"elementor-widget-wrap\">\n\t\t\t\t\t\t\t\t\t<\/div>\n\t\t<\/div>\n\t\t\t\t\t\t\t<\/div>\n\t\t<\/section>\n\t\t\t\t<section class=\"elementor-section elementor-top-section elementor-element elementor-element-d06f1bb elementor-section-height-min-height elementor-section-boxed elementor-section-height-default elementor-section-items-middle sc_fly_static\" data-id=\"d06f1bb\" data-element_type=\"section\">\n\t\t\t\t\t\t<div class=\"elementor-container elementor-column-gap-extended\">\n\t\t\t\t\t<div class=\"elementor-column elementor-col-100 elementor-top-column elementor-element elementor-element-b5614a1 sc_inner_width_none sc_content_align_inherit sc_layouts_column_icons_position_left sc_fly_static\" data-id=\"b5614a1\" data-element_type=\"column\">\n\t\t\t<div class=\"elementor-widget-wrap\">\n\t\t\t\t\t\t\t\t\t<\/div>\n\t\t<\/div>\n\t\t\t\t\t\t\t<\/div>\n\t\t<\/section>\n\t\t\t\t\t\t\t<\/div>\n\t\t","protected":false},"excerpt":{"rendered":"<p>Services Transcreation More info Legal Translation More info Sworn Translation More info Pattern Translation More info<\/p>\n","protected":false},"author":2,"featured_media":20645,"parent":0,"menu_order":0,"comment_status":"closed","ping_status":"closed","template":"","meta":[],"yoast_head":"<!-- This site is optimized with the Yoast SEO Premium plugin v20.12 (Yoast SEO v20.13) - https:\/\/yoast.com\/wordpress\/plugins\/seo\/ -->\n<title>Services - T for Translation<\/title>\n<meta name=\"robots\" content=\"index, follow, max-snippet:-1, max-image-preview:large, max-video-preview:-1\" \/>\n<link rel=\"canonical\" href=\"https:\/\/tftranslation.com\/en\/services-tft\/\" \/>\n<meta property=\"og:locale\" content=\"en_US\" \/>\n<meta property=\"og:type\" content=\"article\" \/>\n<meta property=\"og:title\" content=\"Services\" \/>\n<meta property=\"og:description\" content=\"Services Transcreation More info Legal Translation More info Sworn Translation More info Pattern Translation More info\" \/>\n<meta property=\"og:url\" content=\"https:\/\/tftranslation.com\/en\/services-tft\/\" \/>\n<meta property=\"og:site_name\" content=\"T for Translation\" \/>\n<meta property=\"article:publisher\" content=\"https:\/\/www.facebook.com\/tfortranslationtraduccion\/\" \/>\n<meta property=\"article:modified_time\" content=\"2025-09-09T08:38:33+00:00\" \/>\n<meta property=\"og:image\" content=\"https:\/\/tftranslation.com\/wp-content\/uploads\/2021\/11\/tftranslation-sobremi-img02.png\" \/>\n\t<meta property=\"og:image:width\" content=\"813\" \/>\n\t<meta property=\"og:image:height\" content=\"726\" \/>\n\t<meta property=\"og:image:type\" content=\"image\/png\" \/>\n<meta name=\"twitter:card\" content=\"summary_large_image\" \/>\n<meta name=\"twitter:site\" content=\"@TforTranslation\" \/>\n<meta name=\"twitter:label1\" content=\"Est. reading time\" \/>\n\t<meta name=\"twitter:data1\" content=\"1 minute\" \/>\n<script type=\"application\/ld+json\" class=\"yoast-schema-graph\">{\"@context\":\"https:\/\/schema.org\",\"@graph\":[{\"@type\":\"WebPage\",\"@id\":\"https:\/\/tftranslation.com\/en\/services-tft\/\",\"url\":\"https:\/\/tftranslation.com\/en\/services-tft\/\",\"name\":\"Services - T for Translation\",\"isPartOf\":{\"@id\":\"https:\/\/tftranslation.com\/#website\"},\"datePublished\":\"2022-01-05T17:28:26+00:00\",\"dateModified\":\"2025-09-09T08:38:33+00:00\",\"breadcrumb\":{\"@id\":\"https:\/\/tftranslation.com\/en\/services-tft\/#breadcrumb\"},\"inLanguage\":\"en-US\",\"potentialAction\":[{\"@type\":\"ReadAction\",\"target\":[\"https:\/\/tftranslation.com\/en\/services-tft\/\"]}]},{\"@type\":\"BreadcrumbList\",\"@id\":\"https:\/\/tftranslation.com\/en\/services-tft\/#breadcrumb\",\"itemListElement\":[{\"@type\":\"ListItem\",\"position\":1,\"name\":\"Portada\",\"item\":\"https:\/\/tftranslation.com\/en\/\"},{\"@type\":\"ListItem\",\"position\":2,\"name\":\"Services\"}]},{\"@type\":\"WebSite\",\"@id\":\"https:\/\/tftranslation.com\/#website\",\"url\":\"https:\/\/tftranslation.com\/\",\"name\":\"T for Translation\",\"description\":\"Traducci\u00f3n Alem\u00e1n Ingles Espa\u00f1ol\",\"publisher\":{\"@id\":\"https:\/\/tftranslation.com\/#organization\"},\"potentialAction\":[{\"@type\":\"SearchAction\",\"target\":{\"@type\":\"EntryPoint\",\"urlTemplate\":\"https:\/\/tftranslation.com\/?s={search_term_string}\"},\"query-input\":\"required name=search_term_string\"}],\"inLanguage\":\"en-US\"},{\"@type\":\"Organization\",\"@id\":\"https:\/\/tftranslation.com\/#organization\",\"name\":\"T for Translation\",\"url\":\"https:\/\/tftranslation.com\/\",\"logo\":{\"@type\":\"ImageObject\",\"inLanguage\":\"en-US\",\"@id\":\"https:\/\/tftranslation.com\/#\/schema\/logo\/image\/\",\"url\":\"https:\/\/tftranslation.com\/wp-content\/uploads\/2021\/11\/tftranslation-logo.png\",\"contentUrl\":\"https:\/\/tftranslation.com\/wp-content\/uploads\/2021\/11\/tftranslation-logo.png\",\"width\":128,\"height\":80,\"caption\":\"T for Translation\"},\"image\":{\"@id\":\"https:\/\/tftranslation.com\/#\/schema\/logo\/image\/\"},\"sameAs\":[\"https:\/\/www.facebook.com\/tfortranslationtraduccion\/\",\"https:\/\/twitter.com\/TforTranslation\",\"https:\/\/www.linkedin.com\/in\/paula-marrodan-montiel-0331925a\/\"]}]}<\/script>\n<!-- \/ Yoast SEO Premium plugin. -->","yoast_head_json":{"title":"Services - T for Translation","robots":{"index":"index","follow":"follow","max-snippet":"max-snippet:-1","max-image-preview":"max-image-preview:large","max-video-preview":"max-video-preview:-1"},"canonical":"https:\/\/tftranslation.com\/en\/services-tft\/","og_locale":"en_US","og_type":"article","og_title":"Services","og_description":"Services Transcreation More info Legal Translation More info Sworn Translation More info Pattern Translation More info","og_url":"https:\/\/tftranslation.com\/en\/services-tft\/","og_site_name":"T for Translation","article_publisher":"https:\/\/www.facebook.com\/tfortranslationtraduccion\/","article_modified_time":"2025-09-09T08:38:33+00:00","og_image":[{"width":813,"height":726,"url":"https:\/\/tftranslation.com\/wp-content\/uploads\/2021\/11\/tftranslation-sobremi-img02.png","type":"image\/png"}],"twitter_card":"summary_large_image","twitter_site":"@TforTranslation","twitter_misc":{"Est. reading time":"1 minute"},"schema":{"@context":"https:\/\/schema.org","@graph":[{"@type":"WebPage","@id":"https:\/\/tftranslation.com\/en\/services-tft\/","url":"https:\/\/tftranslation.com\/en\/services-tft\/","name":"Services - T for Translation","isPartOf":{"@id":"https:\/\/tftranslation.com\/#website"},"datePublished":"2022-01-05T17:28:26+00:00","dateModified":"2025-09-09T08:38:33+00:00","breadcrumb":{"@id":"https:\/\/tftranslation.com\/en\/services-tft\/#breadcrumb"},"inLanguage":"en-US","potentialAction":[{"@type":"ReadAction","target":["https:\/\/tftranslation.com\/en\/services-tft\/"]}]},{"@type":"BreadcrumbList","@id":"https:\/\/tftranslation.com\/en\/services-tft\/#breadcrumb","itemListElement":[{"@type":"ListItem","position":1,"name":"Portada","item":"https:\/\/tftranslation.com\/en\/"},{"@type":"ListItem","position":2,"name":"Services"}]},{"@type":"WebSite","@id":"https:\/\/tftranslation.com\/#website","url":"https:\/\/tftranslation.com\/","name":"T for Translation","description":"Traducci\u00f3n Alem\u00e1n Ingles Espa\u00f1ol","publisher":{"@id":"https:\/\/tftranslation.com\/#organization"},"potentialAction":[{"@type":"SearchAction","target":{"@type":"EntryPoint","urlTemplate":"https:\/\/tftranslation.com\/?s={search_term_string}"},"query-input":"required name=search_term_string"}],"inLanguage":"en-US"},{"@type":"Organization","@id":"https:\/\/tftranslation.com\/#organization","name":"T for Translation","url":"https:\/\/tftranslation.com\/","logo":{"@type":"ImageObject","inLanguage":"en-US","@id":"https:\/\/tftranslation.com\/#\/schema\/logo\/image\/","url":"https:\/\/tftranslation.com\/wp-content\/uploads\/2021\/11\/tftranslation-logo.png","contentUrl":"https:\/\/tftranslation.com\/wp-content\/uploads\/2021\/11\/tftranslation-logo.png","width":128,"height":80,"caption":"T for Translation"},"image":{"@id":"https:\/\/tftranslation.com\/#\/schema\/logo\/image\/"},"sameAs":["https:\/\/www.facebook.com\/tfortranslationtraduccion\/","https:\/\/twitter.com\/TforTranslation","https:\/\/www.linkedin.com\/in\/paula-marrodan-montiel-0331925a\/"]}]}},"_links":{"self":[{"href":"https:\/\/tftranslation.com\/en\/wp-json\/wp\/v2\/pages\/21769"}],"collection":[{"href":"https:\/\/tftranslation.com\/en\/wp-json\/wp\/v2\/pages"}],"about":[{"href":"https:\/\/tftranslation.com\/en\/wp-json\/wp\/v2\/types\/page"}],"author":[{"embeddable":true,"href":"https:\/\/tftranslation.com\/en\/wp-json\/wp\/v2\/users\/2"}],"replies":[{"embeddable":true,"href":"https:\/\/tftranslation.com\/en\/wp-json\/wp\/v2\/comments?post=21769"}],"version-history":[{"count":7,"href":"https:\/\/tftranslation.com\/en\/wp-json\/wp\/v2\/pages\/21769\/revisions"}],"predecessor-version":[{"id":23217,"href":"https:\/\/tftranslation.com\/en\/wp-json\/wp\/v2\/pages\/21769\/revisions\/23217"}],"wp:featuredmedia":[{"embeddable":true,"href":"https:\/\/tftranslation.com\/en\/wp-json\/wp\/v2\/media\/20645"}],"wp:attachment":[{"href":"https:\/\/tftranslation.com\/en\/wp-json\/wp\/v2\/media?parent=21769"}],"curies":[{"name":"wp","href":"https:\/\/api.w.org\/{rel}","templated":true}]}}